{"id":22,"date":"2022-06-19T16:40:58","date_gmt":"2022-06-19T14:40:58","guid":{"rendered":"http:\/\/ncavagna-psyconseil.com\/?page_id=22"},"modified":"2024-06-20T21:50:37","modified_gmt":"2024-06-20T19:50:37","slug":"therapie-breve","status":"publish","type":"page","link":"https:\/\/ncavagna-psyconseil.com\/index.php\/accueil\/therapie-breve\/","title":{"rendered":"TH\u00c9RAPIE BR\u00c8VE"},"content":{"rendered":"\n<div style=\"height:100px\" aria-hidden=\"true\" class=\"wp-block-spacer\"><\/div>\n\n\n\n<div class=\"wp-block-media-text is-stacked-on-mobile is-image-fill is-style-rounded has-background\" style=\"background-color:#d1baab;grid-template-columns:48% auto\"><figure class=\"wp-block-media-text__media\" style=\"background-image:url(https:\/\/nathaliecavagnapsyconseil.files.wordpress.com\/2022\/04\/pexels-photo-5699431.jpeg?w=1024);background-position:50% 50%\"><img decoding=\"async\" src=\"https:\/\/nathaliecavagnapsyconseil.files.wordpress.com\/2022\/04\/pexels-photo-5699431.jpeg?w=1024\" alt=\"\" class=\"wp-image-20 size-full\"\/><\/figure><div class=\"wp-block-media-text__content\">\n<div style=\"height:15px\" aria-hidden=\"true\" class=\"wp-block-spacer\"><\/div>\n\n\n\n<p>\ua565  <strong>La psychologie du travail<\/strong> est au croisement de la psychologie clinique&nbsp;et des m\u00e9tiers du conseil, du coaching, de l&#8217;analyse et de la pr\u00e9vention.<\/p>\n\n\n\n<p><strong>L\u2019objectif d\u2019une prise en charge individuelle<\/strong>&nbsp;est d\u2019aider chaque personne \u00e0 verbaliser sa propre situation, \u00e0 l\u2019accompagner dans sa prise de recul et dans ses questionnements professionnels et parfois personnels afin de retrouver un \u00e9quilibre \u00e9motionnel.<\/p>\n\n\n\n<p><strong>D\u00e9ontologie<\/strong> : Le psychologue du travail doit respecter le code de d\u00e9ontologie de sa profession, son devoir est de pr\u00e9server la vie priv\u00e9e et l\u2019intimit\u00e9 de ses patients en garantissant le respect du secret professionnel.<\/p>\n\n\n\n<div style=\"height:15px\" aria-hidden=\"true\" class=\"wp-block-spacer\"><\/div>\n<\/div><\/div>\n\n\n\n<div style=\"height:85px\" aria-hidden=\"true\" class=\"wp-block-spacer\"><\/div>\n\n\n\n<p class=\"has-text-align-center\">\ua565<\/p>\n\n\n\n<h2 class=\"has-text-align-center wp-block-heading\">CHAMPS D&#8217;INTERVENTION<\/h2>\n\n\n\n<div class=\"wp-block-columns is-layout-flex wp-container-core-columns-is-layout-9d6595d7 wp-block-columns-is-layout-flex\">\n<div class=\"wp-block-column has-background is-layout-flow wp-block-column-is-layout-flow\" style=\"background-color:#efa693;flex-basis:100%\">\n<div style=\"height:15px\" aria-hidden=\"true\" class=\"wp-block-spacer\"><\/div>\n\n\n\n<div style=\"height:49px\" aria-hidden=\"true\" class=\"wp-block-spacer\"><\/div>\n\n\n\n<div class=\"wp-block-columns alignwide are-vertically-aligned-center is-layout-flex wp-container-core-columns-is-layout-9d6595d7 wp-block-columns-is-layout-flex\">\n<div class=\"wp-block-column is-layout-flow wp-block-column-is-layout-flow\" style=\"flex-basis:30px\"><\/div>\n\n\n\n<div class=\"wp-block-column is-vertically-aligned-center is-layout-flow wp-block-column-is-layout-flow\">\n<ul class=\"wp-block-list\">\n<li>Perte de motivation<\/li>\n\n\n\n<li>Perte de sens<\/li>\n\n\n\n<li>Stress ou anxi\u00e9t\u00e9<\/li>\n\n\n\n<li>Surcharge de travail<\/li>\n\n\n\n<li>Burnout<\/li>\n\n\n\n<li>Harc\u00e8lement moral<\/li>\n\n\n\n<li>Intelligence \u00e9motionnelle<\/li>\n<\/ul>\n<\/div>\n\n\n\n<div class=\"wp-block-column is-vertically-aligned-center is-layout-flow wp-block-column-is-layout-flow\">\n<ul class=\"wp-block-list\">\n<li>Conflits aves des coll\u00e8gues ou avec la hi\u00e9rarchie<\/li>\n\n\n\n<li>Sensation d&#8217;isolement<\/li>\n\n\n\n<li>Difficult\u00e9s d&#8217;adaptation au changement<\/li>\n\n\n\n<li>Perte de confiance en soi<\/li>\n\n\n\n<li>Estime de soi<\/li>\n\n\n\n<li>Assertivit\u00e9<\/li>\n<\/ul>\n<\/div>\n\n\n\n<div class=\"wp-block-column is-layout-flow wp-block-column-is-layout-flow\">\n<ul class=\"wp-block-list\">\n<li>Souffrance au travail<\/li>\n\n\n\n<li>Prise de poste<\/li>\n\n\n\n<li>Nouvelles responsabilit\u00e9s<\/li>\n\n\n\n<li>Affirmation de soi<\/li>\n\n\n\n<li>Gestion du temps<\/li>\n\n\n\n<li>Communication<\/li>\n<\/ul>\n<\/div>\n<\/div>\n\n\n\n<div style=\"height:15px\" aria-hidden=\"true\" class=\"wp-block-spacer\"><\/div>\n<\/div>\n<\/div>\n\n\n\n<div style=\"height:73px\" aria-hidden=\"true\" class=\"wp-block-spacer\"><\/div>\n\n\n\n<p class=\"has-text-align-center\">\ua565<\/p>\n\n\n\n<h2 class=\"has-text-align-center wp-block-heading\">MODALIT\u00c9S DE L\u2019ACCOMPAGNEMENT<\/h2>\n\n\n\n<div style=\"height:60px\" aria-hidden=\"true\" class=\"wp-block-spacer\"><\/div>\n\n\n\n<p class=\"has-medium-font-size\">\u27a4   <strong>Premier contact&nbsp;t\u00e9l\u00e9phonique<\/strong><\/p>\n\n\n\n<p>Lors de votre prise de rendez-vous, vous serez amen\u00e9 \u00e0 expliquer bri\u00e8vement les raisons qui vous poussent \u00e0 consulter et bien s\u00fbr, \u00e0 communiquer vos disponibilit\u00e9s.&nbsp;<\/p>\n\n\n\n<div style=\"height:31px\" aria-hidden=\"true\" class=\"wp-block-spacer\"><\/div>\n\n\n\n<p class=\"has-medium-font-size\">\u27a4   <strong>Premier RDV<\/strong><\/p>\n\n\n\n<ul class=\"wp-block-list\">\n<li>Exploration de la situation ou probl\u00e9matique qui vous am\u00e8ne \u00e0 consulter<\/li>\n<\/ul>\n\n\n\n<ul class=\"wp-block-list\">\n<li>D\u00e9finition et formalisation des objectifs que vous souhaitez atteindre et des modalit\u00e9s de mise en \u0153uvre de l\u2019accompagnement (approche choisie conjointement, dur\u00e9e, fr\u00e9quence, lieu).<\/li>\n<\/ul>\n\n\n\n<ul class=\"wp-block-list\">\n<li>Premier plan d\u2019action \u00e0 r\u00e9aliser<\/li>\n<\/ul>\n\n\n\n<p>La dur\u00e9e de ce premier entretien est d\u2019environ 1h.<\/p>\n\n\n\n<div style=\"height:30px\" aria-hidden=\"true\" class=\"wp-block-spacer\"><\/div>\n\n\n\n<p class=\"has-medium-font-size\">\u27a4   <strong>D\u00e9roulement des s\u00e9ances<\/strong><\/p>\n\n\n\n<p>Chaque s\u00e9ance dure 1h et a lieu environ toutes les 3 semaines sur une dur\u00e9e de 4 \u00e0 8 mois. Elle se structure autour :<\/p>\n\n\n\n<ul class=\"wp-block-list\">\n<li>D\u2019un \u00e9tat du jour : comment allez-vous ?<\/li>\n<\/ul>\n\n\n\n<ul class=\"wp-block-list\">\n<li>D\u2019un \u00e9tat des lieux : que s\u2019est-il pass\u00e9 depuis la derni\u00e8re s\u00e9ance ? Analyse de l\u2019avancement et des points de blocage, des \u00e9carts constat\u00e9s entre les actions pr\u00e9vues et celles r\u00e9ellement r\u00e9alis\u00e9es.<\/li>\n<\/ul>\n\n\n\n<ul class=\"wp-block-list\">\n<li>D\u2019un ordre du jour : qu\u2019abordons-nous pour cette s\u00e9ance (en lien avec les objectifs fix\u00e9s) ? Approfondissement des sujets \u00e0 explorer<\/li>\n<\/ul>\n\n\n\n<ul class=\"wp-block-list\">\n<li>D\u2019un plan d\u2019action : recentrage des objectifs pour la s\u00e9ance suivante au travers d\u2019exercices<\/li>\n<\/ul>\n\n\n\n<ul class=\"wp-block-list\">\n<li>D\u2019un nouvel \u00e9tat du jour : comment s\u2019est pass\u00e9e la s\u00e9ance ?<\/li>\n<\/ul>\n\n\n\n<div style=\"height:30px\" aria-hidden=\"true\" class=\"wp-block-spacer\"><\/div>\n\n\n\n<p class=\"has-medium-font-size\">\u27a4   <strong>S\u00e9ance finale<\/strong><\/p>\n\n\n\n<ul class=\"wp-block-list\">\n<li>Bilan de l\u2019accompagnement<\/li>\n<\/ul>\n\n\n\n<ul class=\"wp-block-list\">\n<li>Comment vous l\u2019avez v\u00e9cu<\/li>\n<\/ul>\n\n\n\n<ul class=\"wp-block-list\">\n<li>Ce que cela vous a apport\u00e9<\/li>\n<\/ul>\n\n\n\n<ul class=\"wp-block-list\">\n<li>Votre plan d\u2019action pour p\u00e9renniser les r\u00e9sultats obtenus<\/li>\n<\/ul>\n\n\n\n<div style=\"height:36px\" aria-hidden=\"true\" class=\"wp-block-spacer\"><\/div>\n\n\n\n<div style=\"height:100px\" aria-hidden=\"true\" class=\"wp-block-spacer\"><\/div>\n\n\n\n<p class=\"has-text-align-center\">\ua565<\/p>\n\n\n\n<h2 class=\"has-text-align-center wp-block-heading\">APPROCHES PROPOS\u00c9ES<\/h2>\n\n\n\n<div style=\"height:60px\" aria-hidden=\"true\" class=\"wp-block-spacer\"><\/div>\n\n\n\n<div class=\"wp-block-media-text alignwide is-stacked-on-mobile\"><figure class=\"wp-block-media-text__media\"><img loading=\"lazy\" decoding=\"async\" width=\"628\" height=\"451\" src=\"http:\/\/ncavagna-psyconseil.com\/wp-content\/uploads\/2022\/04\/capture2.jpg?w=628\" alt=\"\" class=\"wp-image-250 size-full\" srcset=\"https:\/\/ncavagna-psyconseil.com\/wp-content\/uploads\/2022\/04\/capture2.jpg 628w, https:\/\/ncavagna-psyconseil.com\/wp-content\/uploads\/2022\/04\/capture2-300x215.jpg 300w\" sizes=\"auto, (max-width: 628px) 100vw, 628px\" \/><\/figure><div class=\"wp-block-media-text__content\">\n<p>\ua565 <strong>Approche comportementale et cognitive<\/strong> <\/p>\n\n\n\n<p>L\u2019approche Cognitive et Comportementale est issue de la Th\u00e9rapie Cognitive et Comportementale d\u00e9velopp\u00e9e par Aaron Beck et Albert Ellis \u00e0 partir des ann\u00e9es soixante. Elle vise \u00e0 remplacer les id\u00e9es n\u00e9gatives et les comportements inadapt\u00e9s par des pens\u00e9es et des r\u00e9actions en ad\u00e9quation avec la r\u00e9alit\u00e9. Cette approche vous aide \u00e0 avoir des pens\u00e9es et des comportements plus adapt\u00e9s \u00e0 votre r\u00e9alit\u00e9 et \u00e0 vos besoins.<\/p>\n\n\n\n<p><\/p>\n<\/div><\/div>\n\n\n\n<div style=\"height:60px\" aria-hidden=\"true\" class=\"wp-block-spacer\"><\/div>\n\n\n\n<div class=\"wp-block-media-text alignwide has-media-on-the-right is-stacked-on-mobile\"><div class=\"wp-block-media-text__content\">\n<p>\ua565 <strong>Approche syst\u00e9mique<\/strong><\/p>\n\n\n\n<p>La th\u00e9rapie \u00ab br\u00e8ve \u00bb syst\u00e9mique cherche \u00e0 soulager la souffrance psychologique le plus rapidement possible en amenant les patients \u00e0 faire des exp\u00e9riences nouvelles qui leur permettent d\u2019affronter le pr\u00e9sent et l\u2019avenir de fa\u00e7on plus sereine. On cherche donc \u00e0 faire appara\u00eetre d\u2019abord des changements minimes, mais concrets, qui permettent l\u2019amorce d\u2019un \u00ab cercle vertueux \u00bb vers le changement et des modifications \u00e9motionnelles profondes par rapport au probl\u00e8me.<\/p>\n<\/div><figure class=\"wp-block-media-text__media\"><img loading=\"lazy\" decoding=\"async\" width=\"569\" height=\"386\" src=\"http:\/\/ncavagna-psyconseil.com\/wp-content\/uploads\/2022\/04\/capture.jpg?w=569\" alt=\"\" class=\"wp-image-251 size-full\" srcset=\"https:\/\/ncavagna-psyconseil.com\/wp-content\/uploads\/2022\/04\/capture.jpg 569w, https:\/\/ncavagna-psyconseil.com\/wp-content\/uploads\/2022\/04\/capture-300x204.jpg 300w\" sizes=\"auto, (max-width: 569px) 100vw, 569px\" \/><\/figure><\/div>\n","protected":false},"excerpt":{"rendered":"<p>\ua565 CHAMPS D&#8217;INTERVENTION \ua565 MODALIT\u00c9S DE L\u2019ACCOMPAGNEMENT \u27a4 Premier contact&nbsp;t\u00e9l\u00e9phonique Lors de votre prise de rendez-vous, vous serez amen\u00e9 \u00e0 expliquer bri\u00e8vement les raisons qui vous poussent \u00e0 consulter et bien s\u00fbr, \u00e0 communiquer vos disponibilit\u00e9s.&nbsp; \u27a4 Premier RDV La dur\u00e9e de ce premier entretien est d\u2019environ 1h. \u27a4 D\u00e9roulement des s\u00e9ances Chaque s\u00e9ance dure 1h et a lieu environ toutes les 3 semaines sur une dur\u00e9e de 4 \u00e0 8 mois. Elle se structure autour : \u27a4 S\u00e9ance finale \ua565 APPROCHES PROPOS\u00c9ES \ua565 Approche comportementale et cognitive L\u2019approche Cognitive et Comportementale est issue de la Th\u00e9rapie Cognitive et Comportementale d\u00e9velopp\u00e9e par Aaron Beck et Albert Ellis \u00e0 partir des ann\u00e9es soixante. Elle vise \u00e0 remplacer les id\u00e9es n\u00e9gatives et les comportements inadapt\u00e9s par des pens\u00e9es et des r\u00e9actions en ad\u00e9quation avec la r\u00e9alit\u00e9. Cette approche vous aide \u00e0 avoir des pens\u00e9es et des comportements plus adapt\u00e9s \u00e0 votre r\u00e9alit\u00e9 et \u00e0 vos besoins. \ua565 Approche syst\u00e9mique La th\u00e9rapie \u00ab br\u00e8ve \u00bb syst\u00e9mique cherche \u00e0 soulager la souffrance psychologique le plus rapidement possible en amenant les patients \u00e0 faire des exp\u00e9riences nouvelles qui leur permettent d\u2019affronter le pr\u00e9sent et l\u2019avenir de fa\u00e7on plus sereine. On cherche donc \u00e0 faire appara\u00eetre d\u2019abord des changements minimes, mais concrets, qui permettent l\u2019amorce d\u2019un \u00ab cercle vertueux \u00bb vers le changement et des modifications \u00e9motionnelles profondes par rapport au probl\u00e8me.<\/p>\n","protected":false},"author":1,"featured_media":0,"parent":15,"menu_order":1,"comment_status":"closed","ping_status":"closed","template":"","meta":{"_regular_price":[],"currency_symbol":[],"footnotes":""},"class_list":["post-22","page","type-page","status-publish","hentry"],"post_slider_layout_featured_media_urls":{"thumbnail":"","post_slider_layout_landscape_large":"","post_slider_layout_portrait_large":"","post_slider_layout_square_large":"","post_slider_layout_landscape":"","post_slider_layout_portrait":"","post_slider_layout_square":"","full":""},"yoast_head":"<!-- This site is optimized with the Yoast SEO plugin v27.4 - https:\/\/yoast.com\/product\/yoast-seo-wordpress\/ -->\n<title>TH\u00c9RAPIE BR\u00c8VE - Nathalie Cavagna<\/title>\n<meta name=\"robots\" content=\"index, follow, max-snippet:-1, max-image-preview:large, max-video-preview:-1\" \/>\n<link rel=\"canonical\" href=\"https:\/\/ncavagna-psyconseil.com\/index.php\/accueil\/therapie-breve\/\" \/>\n<meta property=\"og:locale\" content=\"en_US\" \/>\n<meta property=\"og:type\" content=\"article\" \/>\n<meta property=\"og:title\" content=\"TH\u00c9RAPIE BR\u00c8VE - Nathalie Cavagna\" \/>\n<meta property=\"og:description\" content=\"\ua565 CHAMPS D&#8217;INTERVENTION \ua565 MODALIT\u00c9S DE L\u2019ACCOMPAGNEMENT \u27a4 Premier contact&nbsp;t\u00e9l\u00e9phonique Lors de votre prise de rendez-vous, vous serez amen\u00e9 \u00e0 expliquer bri\u00e8vement les raisons qui vous poussent \u00e0 consulter et bien s\u00fbr, \u00e0 communiquer vos disponibilit\u00e9s.&nbsp; \u27a4 Premier RDV La dur\u00e9e de ce premier entretien est d\u2019environ 1h. \u27a4 D\u00e9roulement des s\u00e9ances Chaque s\u00e9ance dure 1h et a lieu environ toutes les 3 semaines sur une dur\u00e9e de 4 \u00e0 8 mois. Elle se structure autour : \u27a4 S\u00e9ance finale \ua565 APPROCHES PROPOS\u00c9ES \ua565 Approche comportementale et cognitive L\u2019approche Cognitive et Comportementale est issue de la Th\u00e9rapie Cognitive et Comportementale d\u00e9velopp\u00e9e par Aaron Beck et Albert Ellis \u00e0 partir des ann\u00e9es soixante. Elle vise \u00e0 remplacer les id\u00e9es n\u00e9gatives et les comportements inadapt\u00e9s par des pens\u00e9es et des r\u00e9actions en ad\u00e9quation avec la r\u00e9alit\u00e9. Cette approche vous aide \u00e0 avoir des pens\u00e9es et des comportements plus adapt\u00e9s \u00e0 votre r\u00e9alit\u00e9 et \u00e0 vos besoins. \ua565 Approche syst\u00e9mique La th\u00e9rapie \u00ab br\u00e8ve \u00bb syst\u00e9mique cherche \u00e0 soulager la souffrance psychologique le plus rapidement possible en amenant les patients \u00e0 faire des exp\u00e9riences nouvelles qui leur permettent d\u2019affronter le pr\u00e9sent et l\u2019avenir de fa\u00e7on plus sereine. On cherche donc \u00e0 faire appara\u00eetre d\u2019abord des changements minimes, mais concrets, qui permettent l\u2019amorce d\u2019un \u00ab cercle vertueux \u00bb vers le changement et des modifications \u00e9motionnelles profondes par rapport au probl\u00e8me.\" \/>\n<meta property=\"og:url\" content=\"https:\/\/ncavagna-psyconseil.com\/index.php\/accueil\/therapie-breve\/\" \/>\n<meta property=\"og:site_name\" content=\"Nathalie Cavagna\" \/>\n<meta property=\"article:modified_time\" content=\"2024-06-20T19:50:37+00:00\" \/>\n<meta property=\"og:image\" content=\"https:\/\/nathaliecavagnapsyconseil.files.wordpress.com\/2022\/04\/pexels-photo-5699431.jpeg?w=1024\" \/>\n<meta name=\"twitter:card\" content=\"summary_large_image\" \/>\n<meta name=\"twitter:label1\" content=\"Est. reading time\" \/>\n\t<meta name=\"twitter:data1\" content=\"3 minutes\" \/>\n<script type=\"application\/ld+json\" class=\"yoast-schema-graph\">{\"@context\":\"https:\\\/\\\/schema.org\",\"@graph\":[{\"@type\":\"WebPage\",\"@id\":\"https:\\\/\\\/ncavagna-psyconseil.com\\\/index.php\\\/accueil\\\/therapie-breve\\\/\",\"url\":\"https:\\\/\\\/ncavagna-psyconseil.com\\\/index.php\\\/accueil\\\/therapie-breve\\\/\",\"name\":\"TH\u00c9RAPIE BR\u00c8VE - Nathalie Cavagna\",\"isPartOf\":{\"@id\":\"https:\\\/\\\/ncavagna-psyconseil.com\\\/#website\"},\"primaryImageOfPage\":{\"@id\":\"https:\\\/\\\/ncavagna-psyconseil.com\\\/index.php\\\/accueil\\\/therapie-breve\\\/#primaryimage\"},\"image\":{\"@id\":\"https:\\\/\\\/ncavagna-psyconseil.com\\\/index.php\\\/accueil\\\/therapie-breve\\\/#primaryimage\"},\"thumbnailUrl\":\"https:\\\/\\\/nathaliecavagnapsyconseil.files.wordpress.com\\\/2022\\\/04\\\/pexels-photo-5699431.jpeg?w=1024\",\"datePublished\":\"2022-06-19T14:40:58+00:00\",\"dateModified\":\"2024-06-20T19:50:37+00:00\",\"breadcrumb\":{\"@id\":\"https:\\\/\\\/ncavagna-psyconseil.com\\\/index.php\\\/accueil\\\/therapie-breve\\\/#breadcrumb\"},\"inLanguage\":\"en-US\",\"potentialAction\":[{\"@type\":\"ReadAction\",\"target\":[\"https:\\\/\\\/ncavagna-psyconseil.com\\\/index.php\\\/accueil\\\/therapie-breve\\\/\"]}]},{\"@type\":\"ImageObject\",\"inLanguage\":\"en-US\",\"@id\":\"https:\\\/\\\/ncavagna-psyconseil.com\\\/index.php\\\/accueil\\\/therapie-breve\\\/#primaryimage\",\"url\":\"https:\\\/\\\/nathaliecavagnapsyconseil.files.wordpress.com\\\/2022\\\/04\\\/pexels-photo-5699431.jpeg?w=1024\",\"contentUrl\":\"https:\\\/\\\/nathaliecavagnapsyconseil.files.wordpress.com\\\/2022\\\/04\\\/pexels-photo-5699431.jpeg?w=1024\"},{\"@type\":\"BreadcrumbList\",\"@id\":\"https:\\\/\\\/ncavagna-psyconseil.com\\\/index.php\\\/accueil\\\/therapie-breve\\\/#breadcrumb\",\"itemListElement\":[{\"@type\":\"ListItem\",\"position\":1,\"name\":\"Accueil\",\"item\":\"https:\\\/\\\/ncavagna-psyconseil.com\\\/\"},{\"@type\":\"ListItem\",\"position\":2,\"name\":\"Accueil\",\"item\":\"https:\\\/\\\/ncavagna-psyconseil.com\\\/\"},{\"@type\":\"ListItem\",\"position\":3,\"name\":\"TH\u00c9RAPIE BR\u00c8VE\"}]},{\"@type\":\"WebSite\",\"@id\":\"https:\\\/\\\/ncavagna-psyconseil.com\\\/#website\",\"url\":\"https:\\\/\\\/ncavagna-psyconseil.com\\\/\",\"name\":\"Nathalie Cavagna\",\"description\":\"Psychologue\",\"publisher\":{\"@id\":\"https:\\\/\\\/ncavagna-psyconseil.com\\\/#\\\/schema\\\/person\\\/e0484e827b9121d615f9e0eb7ee5529d\"},\"potentialAction\":[{\"@type\":\"SearchAction\",\"target\":{\"@type\":\"EntryPoint\",\"urlTemplate\":\"https:\\\/\\\/ncavagna-psyconseil.com\\\/?s={search_term_string}\"},\"query-input\":{\"@type\":\"PropertyValueSpecification\",\"valueRequired\":true,\"valueName\":\"search_term_string\"}}],\"inLanguage\":\"en-US\"},{\"@type\":[\"Person\",\"Organization\"],\"@id\":\"https:\\\/\\\/ncavagna-psyconseil.com\\\/#\\\/schema\\\/person\\\/e0484e827b9121d615f9e0eb7ee5529d\",\"name\":\"Nathalie Cavagna\",\"image\":{\"@type\":\"ImageObject\",\"inLanguage\":\"en-US\",\"@id\":\"https:\\\/\\\/ncavagna-psyconseil.com\\\/wp-content\\\/uploads\\\/2022\\\/04\\\/img-20200124-wa0005.jpg\",\"url\":\"https:\\\/\\\/ncavagna-psyconseil.com\\\/wp-content\\\/uploads\\\/2022\\\/04\\\/img-20200124-wa0005.jpg\",\"contentUrl\":\"https:\\\/\\\/ncavagna-psyconseil.com\\\/wp-content\\\/uploads\\\/2022\\\/04\\\/img-20200124-wa0005.jpg\",\"width\":1200,\"height\":1600,\"caption\":\"Nathalie Cavagna\"},\"logo\":{\"@id\":\"https:\\\/\\\/ncavagna-psyconseil.com\\\/wp-content\\\/uploads\\\/2022\\\/04\\\/img-20200124-wa0005.jpg\"},\"sameAs\":[\"http:\\\/\\\/ncavagna-psyconseil.com\",\"https:\\\/\\\/www.linkedin.com\\\/in\\\/nathalie-cavagna\\\/\"]}]}<\/script>\n<!-- \/ Yoast SEO plugin. -->","yoast_head_json":{"title":"TH\u00c9RAPIE BR\u00c8VE - Nathalie Cavagna","robots":{"index":"index","follow":"follow","max-snippet":"max-snippet:-1","max-image-preview":"max-image-preview:large","max-video-preview":"max-video-preview:-1"},"canonical":"https:\/\/ncavagna-psyconseil.com\/index.php\/accueil\/therapie-breve\/","og_locale":"en_US","og_type":"article","og_title":"TH\u00c9RAPIE BR\u00c8VE - Nathalie Cavagna","og_description":"\ua565 CHAMPS D&#8217;INTERVENTION \ua565 MODALIT\u00c9S DE L\u2019ACCOMPAGNEMENT \u27a4 Premier contact&nbsp;t\u00e9l\u00e9phonique Lors de votre prise de rendez-vous, vous serez amen\u00e9 \u00e0 expliquer bri\u00e8vement les raisons qui vous poussent \u00e0 consulter et bien s\u00fbr, \u00e0 communiquer vos disponibilit\u00e9s.&nbsp; \u27a4 Premier RDV La dur\u00e9e de ce premier entretien est d\u2019environ 1h. \u27a4 D\u00e9roulement des s\u00e9ances Chaque s\u00e9ance dure 1h et a lieu environ toutes les 3 semaines sur une dur\u00e9e de 4 \u00e0 8 mois. Elle se structure autour : \u27a4 S\u00e9ance finale \ua565 APPROCHES PROPOS\u00c9ES \ua565 Approche comportementale et cognitive L\u2019approche Cognitive et Comportementale est issue de la Th\u00e9rapie Cognitive et Comportementale d\u00e9velopp\u00e9e par Aaron Beck et Albert Ellis \u00e0 partir des ann\u00e9es soixante. Elle vise \u00e0 remplacer les id\u00e9es n\u00e9gatives et les comportements inadapt\u00e9s par des pens\u00e9es et des r\u00e9actions en ad\u00e9quation avec la r\u00e9alit\u00e9. Cette approche vous aide \u00e0 avoir des pens\u00e9es et des comportements plus adapt\u00e9s \u00e0 votre r\u00e9alit\u00e9 et \u00e0 vos besoins. \ua565 Approche syst\u00e9mique La th\u00e9rapie \u00ab br\u00e8ve \u00bb syst\u00e9mique cherche \u00e0 soulager la souffrance psychologique le plus rapidement possible en amenant les patients \u00e0 faire des exp\u00e9riences nouvelles qui leur permettent d\u2019affronter le pr\u00e9sent et l\u2019avenir de fa\u00e7on plus sereine. On cherche donc \u00e0 faire appara\u00eetre d\u2019abord des changements minimes, mais concrets, qui permettent l\u2019amorce d\u2019un \u00ab cercle vertueux \u00bb vers le changement et des modifications \u00e9motionnelles profondes par rapport au probl\u00e8me.","og_url":"https:\/\/ncavagna-psyconseil.com\/index.php\/accueil\/therapie-breve\/","og_site_name":"Nathalie Cavagna","article_modified_time":"2024-06-20T19:50:37+00:00","og_image":[{"url":"https:\/\/nathaliecavagnapsyconseil.files.wordpress.com\/2022\/04\/pexels-photo-5699431.jpeg?w=1024","type":"","width":"","height":""}],"twitter_card":"summary_large_image","twitter_misc":{"Est. reading time":"3 minutes"},"schema":{"@context":"https:\/\/schema.org","@graph":[{"@type":"WebPage","@id":"https:\/\/ncavagna-psyconseil.com\/index.php\/accueil\/therapie-breve\/","url":"https:\/\/ncavagna-psyconseil.com\/index.php\/accueil\/therapie-breve\/","name":"TH\u00c9RAPIE BR\u00c8VE - Nathalie Cavagna","isPartOf":{"@id":"https:\/\/ncavagna-psyconseil.com\/#website"},"primaryImageOfPage":{"@id":"https:\/\/ncavagna-psyconseil.com\/index.php\/accueil\/therapie-breve\/#primaryimage"},"image":{"@id":"https:\/\/ncavagna-psyconseil.com\/index.php\/accueil\/therapie-breve\/#primaryimage"},"thumbnailUrl":"https:\/\/nathaliecavagnapsyconseil.files.wordpress.com\/2022\/04\/pexels-photo-5699431.jpeg?w=1024","datePublished":"2022-06-19T14:40:58+00:00","dateModified":"2024-06-20T19:50:37+00:00","breadcrumb":{"@id":"https:\/\/ncavagna-psyconseil.com\/index.php\/accueil\/therapie-breve\/#breadcrumb"},"inLanguage":"en-US","potentialAction":[{"@type":"ReadAction","target":["https:\/\/ncavagna-psyconseil.com\/index.php\/accueil\/therapie-breve\/"]}]},{"@type":"ImageObject","inLanguage":"en-US","@id":"https:\/\/ncavagna-psyconseil.com\/index.php\/accueil\/therapie-breve\/#primaryimage","url":"https:\/\/nathaliecavagnapsyconseil.files.wordpress.com\/2022\/04\/pexels-photo-5699431.jpeg?w=1024","contentUrl":"https:\/\/nathaliecavagnapsyconseil.files.wordpress.com\/2022\/04\/pexels-photo-5699431.jpeg?w=1024"},{"@type":"BreadcrumbList","@id":"https:\/\/ncavagna-psyconseil.com\/index.php\/accueil\/therapie-breve\/#breadcrumb","itemListElement":[{"@type":"ListItem","position":1,"name":"Accueil","item":"https:\/\/ncavagna-psyconseil.com\/"},{"@type":"ListItem","position":2,"name":"Accueil","item":"https:\/\/ncavagna-psyconseil.com\/"},{"@type":"ListItem","position":3,"name":"TH\u00c9RAPIE BR\u00c8VE"}]},{"@type":"WebSite","@id":"https:\/\/ncavagna-psyconseil.com\/#website","url":"https:\/\/ncavagna-psyconseil.com\/","name":"Nathalie Cavagna","description":"Psychologue","publisher":{"@id":"https:\/\/ncavagna-psyconseil.com\/#\/schema\/person\/e0484e827b9121d615f9e0eb7ee5529d"},"potentialAction":[{"@type":"SearchAction","target":{"@type":"EntryPoint","urlTemplate":"https:\/\/ncavagna-psyconseil.com\/?s={search_term_string}"},"query-input":{"@type":"PropertyValueSpecification","valueRequired":true,"valueName":"search_term_string"}}],"inLanguage":"en-US"},{"@type":["Person","Organization"],"@id":"https:\/\/ncavagna-psyconseil.com\/#\/schema\/person\/e0484e827b9121d615f9e0eb7ee5529d","name":"Nathalie Cavagna","image":{"@type":"ImageObject","inLanguage":"en-US","@id":"https:\/\/ncavagna-psyconseil.com\/wp-content\/uploads\/2022\/04\/img-20200124-wa0005.jpg","url":"https:\/\/ncavagna-psyconseil.com\/wp-content\/uploads\/2022\/04\/img-20200124-wa0005.jpg","contentUrl":"https:\/\/ncavagna-psyconseil.com\/wp-content\/uploads\/2022\/04\/img-20200124-wa0005.jpg","width":1200,"height":1600,"caption":"Nathalie Cavagna"},"logo":{"@id":"https:\/\/ncavagna-psyconseil.com\/wp-content\/uploads\/2022\/04\/img-20200124-wa0005.jpg"},"sameAs":["http:\/\/ncavagna-psyconseil.com","https:\/\/www.linkedin.com\/in\/nathalie-cavagna\/"]}]}},"_links":{"self":[{"href":"https:\/\/ncavagna-psyconseil.com\/index.php\/wp-json\/wp\/v2\/pages\/22","targetHints":{"allow":["GET"]}}],"collection":[{"href":"https:\/\/ncavagna-psyconseil.com\/index.php\/wp-json\/wp\/v2\/pages"}],"about":[{"href":"https:\/\/ncavagna-psyconseil.com\/index.php\/wp-json\/wp\/v2\/types\/page"}],"author":[{"embeddable":true,"href":"https:\/\/ncavagna-psyconseil.com\/index.php\/wp-json\/wp\/v2\/users\/1"}],"replies":[{"embeddable":true,"href":"https:\/\/ncavagna-psyconseil.com\/index.php\/wp-json\/wp\/v2\/comments?post=22"}],"version-history":[{"count":24,"href":"https:\/\/ncavagna-psyconseil.com\/index.php\/wp-json\/wp\/v2\/pages\/22\/revisions"}],"predecessor-version":[{"id":839,"href":"https:\/\/ncavagna-psyconseil.com\/index.php\/wp-json\/wp\/v2\/pages\/22\/revisions\/839"}],"up":[{"embeddable":true,"href":"https:\/\/ncavagna-psyconseil.com\/index.php\/wp-json\/wp\/v2\/pages\/15"}],"wp:attachment":[{"href":"https:\/\/ncavagna-psyconseil.com\/index.php\/wp-json\/wp\/v2\/media?parent=22"}],"curies":[{"name":"wp","href":"https:\/\/api.w.org\/{rel}","templated":true}]}}