{"id":274,"date":"2022-04-12T10:27:22","date_gmt":"2022-04-12T08:27:22","guid":{"rendered":"http:\/\/ncavagna-psyconseil.com\/index.php\/accueil-2\/coaching\/"},"modified":"2024-03-19T22:23:12","modified_gmt":"2024-03-19T21:23:12","slug":"coaching","status":"publish","type":"page","link":"https:\/\/ncavagna-psyconseil.com\/index.php\/accueil\/coaching\/","title":{"rendered":"ENTREPRISES : PRISE EN CHARGE INDIVIDUELLE \/ COACHING"},"content":{"rendered":"\n<div style=\"height:100px\" aria-hidden=\"true\" class=\"wp-block-spacer\"><\/div>\n\n\n\n<div class=\"wp-block-media-text alignwide is-stacked-on-mobile is-style-rounded has-background\" style=\"background-color:#efa693\"><figure class=\"wp-block-media-text__media\"><img loading=\"lazy\" decoding=\"async\" width=\"1880\" height=\"1253\" src=\"https:\/\/nathaliecavagnapsyconseil.files.wordpress.com\/2022\/04\/pexels-photo-927451.jpeg\" alt=\"\" class=\"wp-image-276 size-full\" srcset=\"https:\/\/ncavagna-psyconseil.com\/wp-content\/uploads\/2022\/04\/pexels-photo-927451.jpeg 1880w, https:\/\/ncavagna-psyconseil.com\/wp-content\/uploads\/2022\/04\/pexels-photo-927451-300x200.jpeg 300w, https:\/\/ncavagna-psyconseil.com\/wp-content\/uploads\/2022\/04\/pexels-photo-927451-1024x682.jpeg 1024w, https:\/\/ncavagna-psyconseil.com\/wp-content\/uploads\/2022\/04\/pexels-photo-927451-768x512.jpeg 768w, https:\/\/ncavagna-psyconseil.com\/wp-content\/uploads\/2022\/04\/pexels-photo-927451-1536x1024.jpeg 1536w, https:\/\/ncavagna-psyconseil.com\/wp-content\/uploads\/2022\/04\/pexels-photo-927451-1200x800.jpeg 1200w, https:\/\/ncavagna-psyconseil.com\/wp-content\/uploads\/2022\/04\/pexels-photo-927451-600x400.jpeg 600w, https:\/\/ncavagna-psyconseil.com\/wp-content\/uploads\/2022\/04\/pexels-photo-927451-1140x760.jpeg 1140w\" sizes=\"auto, (max-width: 1880px) 100vw, 1880px\" \/><\/figure><div class=\"wp-block-media-text__content\">\n<h2 class=\"wp-block-heading\" style=\"font-size:25px\">\u00ab&nbsp;Si vous deviez un jour vous transformer vous-m\u00eame, faites-le un peu chaque jour&nbsp;\u00bb. Confucius<\/h2>\n<\/div><\/div>\n\n\n\n<div style=\"height:100px\" aria-hidden=\"true\" class=\"wp-block-spacer\"><\/div>\n\n\n\n<p class=\"has-text-align-center\">\ua565<\/p>\n\n\n\n<h2 class=\"wp-block-heading has-text-align-center\">Ce qu\u2019est la prise en charge individuelle <\/h2>\n\n\n\n<div style=\"height:30px\" aria-hidden=\"true\" class=\"wp-block-spacer\"><\/div>\n\n\n\n<p>Je prends en charge de mani\u00e8re individuelle les personnes de vos \u00e9quipes ayant besoin d\u2019une \u00e9coute psychologique et d\u2019un soutien d\u00e9di\u00e9.<\/p>\n\n\n\n<div style=\"height:29px\" aria-hidden=\"true\" class=\"wp-block-spacer\"><\/div>\n\n\n\n<p class=\"has-text-align-center\">\ua565<\/p>\n\n\n\n<h2 class=\"wp-block-heading has-text-align-center\">PRISE EN CHARGE INDIVIDUELLE<\/h2>\n\n\n\n<div class=\"wp-block-media-text alignwide is-stacked-on-mobile is-image-fill has-background\" style=\"background-color:#d1baab\"><figure class=\"wp-block-media-text__media\" style=\"background-image:url(http:\/\/ncavagna-psyconseil.com\/wp-content\/uploads\/2022\/06\/meeting-conference-laptop-5817031-1024x714.jpg);background-position:50% 50%\"><img loading=\"lazy\" decoding=\"async\" width=\"1024\" height=\"714\" src=\"http:\/\/ncavagna-psyconseil.com\/wp-content\/uploads\/2022\/06\/meeting-conference-laptop-5817031-1024x714.jpg\" alt=\"meeting, conference, laptop-5817031.jpg\" class=\"wp-image-792 size-full\" srcset=\"https:\/\/ncavagna-psyconseil.com\/wp-content\/uploads\/2022\/06\/meeting-conference-laptop-5817031-1024x714.jpg 1024w, https:\/\/ncavagna-psyconseil.com\/wp-content\/uploads\/2022\/06\/meeting-conference-laptop-5817031-300x209.jpg 300w, https:\/\/ncavagna-psyconseil.com\/wp-content\/uploads\/2022\/06\/meeting-conference-laptop-5817031-768x536.jpg 768w, https:\/\/ncavagna-psyconseil.com\/wp-content\/uploads\/2022\/06\/meeting-conference-laptop-5817031-1140x795.jpg 1140w, https:\/\/ncavagna-psyconseil.com\/wp-content\/uploads\/2022\/06\/meeting-conference-laptop-5817031.jpg 1280w\" sizes=\"auto, (max-width: 1024px) 100vw, 1024px\" \/><\/figure><div class=\"wp-block-media-text__content\">\n<div style=\"height:15px\" aria-hidden=\"true\" class=\"wp-block-spacer\"><\/div>\n\n\n\n<h2 class=\"wp-block-heading has-medium-font-size\">3 \u00e0 5 RDV en inviduel en visio ou par t\u00e9l\u00e9phone.<\/h2>\n\n\n\n<p>Garantie de confidentialit\u00e9 pour le salari\u00e9<\/p>\n\n\n\n<h2 class=\"wp-block-heading has-text-align-right\">Devis sur demande<\/h2>\n<\/div><\/div>\n\n\n\n<div style=\"height:20px\" aria-hidden=\"true\" class=\"wp-block-spacer\"><\/div>\n\n\n\n<div style=\"height:100px\" aria-hidden=\"true\" class=\"wp-block-spacer\"><\/div>\n\n\n\n<h2 class=\"wp-block-heading has-text-align-center\">Ce qu\u2019est le coaching <\/h2>\n\n\n\n<div style=\"height:30px\" aria-hidden=\"true\" class=\"wp-block-spacer\"><\/div>\n\n\n\n<p>Le coaching consiste \u00e0 accompagner des personnes ou des groupes dans la d\u00e9finition et l\u2019atteinte de leurs objectifs, au b\u00e9n\u00e9fice de la r\u00e9ussite de leur \u00e9volution personnelle et professionnelle.<\/p>\n\n\n\n<p class=\"has-text-align-center\">\ua565<\/p>\n\n\n\n<h2 class=\"wp-block-heading has-text-align-center\">LES PHASES D&#8217;UN ACCOMPAGNEMENT DE COACHING INDIVIDUEL DANS LE CADRE D&#8217;UNE PRISE EN CHARGE PAR L&#8217;ENTREPRISE<\/h2>\n\n\n\n<div class=\"wp-block-media-text alignwide has-media-on-the-right is-stacked-on-mobile is-image-fill has-background\" style=\"background-color:#d1baab\"><div class=\"wp-block-media-text__content\">\n<div style=\"height:15px\" aria-hidden=\"true\" class=\"wp-block-spacer\"><\/div>\n\n\n\n<h2 class=\"wp-block-heading has-medium-font-size\">1.Rencontre pr\u00e9alable avec l&#8217;entreprise<\/h2>\n\n\n\n<ul class=\"wp-block-list\">\n<li>Pr\u00e9sentation de la d\u00e9marche de coaching<\/li>\n\n\n\n<li>Recueil de la demande de l&#8217;entreprise<\/li>\n<\/ul>\n\n\n\n<h2 class=\"wp-block-heading has-medium-font-size\">2.Rencontre pr\u00e9alable avec le futur coach\u00e9<\/h2>\n\n\n\n<ul class=\"wp-block-list\">\n<li>Pr\u00e9sentation de la d\u00e9marche de coaching<\/li>\n\n\n\n<li>Validation de la demande<\/li>\n\n\n\n<li>Jalons et d\u00e9ontologie<\/li>\n<\/ul>\n\n\n\n<h2 class=\"wp-block-heading has-medium-font-size\">3.Entretien tripartite coach + coach\u00e9 + entreprise<\/h2>\n\n\n\n<ul class=\"wp-block-list\">\n<li>Accord sur la m\u00e9thodologie, l&#8217;organisation<\/li>\n\n\n\n<li>Mise en phase des demandes respectives<\/li>\n\n\n\n<li>Validation de : la finalit\u00e9 g\u00e9n\u00e9rale, les objectifs, les enjeux<\/li>\n<\/ul>\n\n\n\n<h2 class=\"wp-block-heading has-medium-font-size\">4.R\u00e9daction et signature du contrat <\/h2>\n\n\n\n<h2 class=\"wp-block-heading has-medium-font-size\">5.R\u00e9alisation du coaching<\/h2>\n\n\n\n<h2 class=\"wp-block-heading has-medium-font-size\">6.Entretien final<\/h2>\n\n\n\n<h2 class=\"wp-block-heading has-text-align-right \\&quot;has-text-align-center\\&quot;\">Devis sur demande<\/h2>\n<\/div><figure class=\"wp-block-media-text__media\" style=\"background-image:url(http:\/\/ncavagna-psyconseil.com\/wp-content\/uploads\/2022\/06\/startup-g62bb543f1_1920-1024x683.jpg);background-position:10% 0%\"><img loading=\"lazy\" decoding=\"async\" width=\"1024\" height=\"683\" src=\"http:\/\/ncavagna-psyconseil.com\/wp-content\/uploads\/2022\/06\/startup-g62bb543f1_1920-1024x683.jpg\" alt=\"\" class=\"wp-image-798 size-full\" srcset=\"https:\/\/ncavagna-psyconseil.com\/wp-content\/uploads\/2022\/06\/startup-g62bb543f1_1920-1024x683.jpg 1024w, https:\/\/ncavagna-psyconseil.com\/wp-content\/uploads\/2022\/06\/startup-g62bb543f1_1920-300x200.jpg 300w, https:\/\/ncavagna-psyconseil.com\/wp-content\/uploads\/2022\/06\/startup-g62bb543f1_1920-768x512.jpg 768w, https:\/\/ncavagna-psyconseil.com\/wp-content\/uploads\/2022\/06\/startup-g62bb543f1_1920-1536x1024.jpg 1536w, https:\/\/ncavagna-psyconseil.com\/wp-content\/uploads\/2022\/06\/startup-g62bb543f1_1920-1200x800.jpg 1200w, https:\/\/ncavagna-psyconseil.com\/wp-content\/uploads\/2022\/06\/startup-g62bb543f1_1920-600x400.jpg 600w, https:\/\/ncavagna-psyconseil.com\/wp-content\/uploads\/2022\/06\/startup-g62bb543f1_1920-1140x760.jpg 1140w, https:\/\/ncavagna-psyconseil.com\/wp-content\/uploads\/2022\/06\/startup-g62bb543f1_1920.jpg 1920w\" sizes=\"auto, (max-width: 1024px) 100vw, 1024px\" \/><\/figure><\/div>\n\n\n\n<div style=\"height:60px\" aria-hidden=\"true\" class=\"wp-block-spacer\"><\/div>\n\n\n\n<p><\/p>\n","protected":false},"excerpt":{"rendered":"<p>\u00ab&nbsp;Si vous deviez un jour vous transformer vous-m\u00eame, faites-le un peu chaque jour&nbsp;\u00bb. Confucius \ua565 Ce qu\u2019est la prise en charge individuelle Je prends en charge de mani\u00e8re individuelle les personnes de vos \u00e9quipes ayant besoin d\u2019une \u00e9coute psychologique et d\u2019un soutien d\u00e9di\u00e9. \ua565 PRISE EN CHARGE INDIVIDUELLE Ce qu\u2019est le coaching Le coaching consiste \u00e0 accompagner des personnes ou des groupes dans la d\u00e9finition et l\u2019atteinte de leurs objectifs, au b\u00e9n\u00e9fice de la r\u00e9ussite de leur \u00e9volution personnelle et professionnelle. \ua565 LES PHASES D&#8217;UN ACCOMPAGNEMENT DE COACHING INDIVIDUEL DANS LE CADRE D&#8217;UNE PRISE EN CHARGE PAR L&#8217;ENTREPRISE<\/p>\n","protected":false},"author":2,"featured_media":0,"parent":15,"menu_order":2,"comment_status":"closed","ping_status":"closed","template":"","meta":{"_regular_price":[],"currency_symbol":[],"footnotes":""},"class_list":["post-274","page","type-page","status-publish","hentry"],"post_slider_layout_featured_media_urls":{"thumbnail":"","post_slider_layout_landscape_large":"","post_slider_layout_portrait_large":"","post_slider_layout_square_large":"","post_slider_layout_landscape":"","post_slider_layout_portrait":"","post_slider_layout_square":"","full":""},"yoast_head":"<!-- This site is optimized with the Yoast SEO plugin v27.4 - https:\/\/yoast.com\/product\/yoast-seo-wordpress\/ -->\n<title>ENTREPRISES : PRISE EN CHARGE INDIVIDUELLE \/ COACHING - Nathalie Cavagna<\/title>\n<meta name=\"robots\" content=\"index, follow, max-snippet:-1, max-image-preview:large, max-video-preview:-1\" \/>\n<link rel=\"canonical\" href=\"https:\/\/ncavagna-psyconseil.com\/index.php\/accueil\/coaching\/\" \/>\n<meta property=\"og:locale\" content=\"en_US\" \/>\n<meta property=\"og:type\" content=\"article\" \/>\n<meta property=\"og:title\" content=\"ENTREPRISES : PRISE EN CHARGE INDIVIDUELLE \/ COACHING - Nathalie Cavagna\" \/>\n<meta property=\"og:description\" content=\"\u00ab&nbsp;Si vous deviez un jour vous transformer vous-m\u00eame, faites-le un peu chaque jour&nbsp;\u00bb. Confucius \ua565 Ce qu\u2019est la prise en charge individuelle Je prends en charge de mani\u00e8re individuelle les personnes de vos \u00e9quipes ayant besoin d\u2019une \u00e9coute psychologique et d\u2019un soutien d\u00e9di\u00e9. \ua565 PRISE EN CHARGE INDIVIDUELLE Ce qu\u2019est le coaching Le coaching consiste \u00e0 accompagner des personnes ou des groupes dans la d\u00e9finition et l\u2019atteinte de leurs objectifs, au b\u00e9n\u00e9fice de la r\u00e9ussite de leur \u00e9volution personnelle et professionnelle. \ua565 LES PHASES D&#8217;UN ACCOMPAGNEMENT DE COACHING INDIVIDUEL DANS LE CADRE D&#8217;UNE PRISE EN CHARGE PAR L&#8217;ENTREPRISE\" \/>\n<meta property=\"og:url\" content=\"https:\/\/ncavagna-psyconseil.com\/index.php\/accueil\/coaching\/\" \/>\n<meta property=\"og:site_name\" content=\"Nathalie Cavagna\" \/>\n<meta property=\"article:modified_time\" content=\"2024-03-19T21:23:12+00:00\" \/>\n<meta property=\"og:image\" content=\"https:\/\/nathaliecavagnapsyconseil.files.wordpress.com\/2022\/04\/pexels-photo-927451.jpeg\" \/>\n<meta name=\"twitter:card\" content=\"summary_large_image\" \/>\n<meta name=\"twitter:label1\" content=\"Est. reading time\" \/>\n\t<meta name=\"twitter:data1\" content=\"2 minutes\" \/>\n<script type=\"application\/ld+json\" class=\"yoast-schema-graph\">{\"@context\":\"https:\\\/\\\/schema.org\",\"@graph\":[{\"@type\":\"WebPage\",\"@id\":\"https:\\\/\\\/ncavagna-psyconseil.com\\\/index.php\\\/accueil\\\/coaching\\\/\",\"url\":\"https:\\\/\\\/ncavagna-psyconseil.com\\\/index.php\\\/accueil\\\/coaching\\\/\",\"name\":\"ENTREPRISES : PRISE EN CHARGE INDIVIDUELLE \\\/ COACHING - Nathalie Cavagna\",\"isPartOf\":{\"@id\":\"https:\\\/\\\/ncavagna-psyconseil.com\\\/#website\"},\"primaryImageOfPage\":{\"@id\":\"https:\\\/\\\/ncavagna-psyconseil.com\\\/index.php\\\/accueil\\\/coaching\\\/#primaryimage\"},\"image\":{\"@id\":\"https:\\\/\\\/ncavagna-psyconseil.com\\\/index.php\\\/accueil\\\/coaching\\\/#primaryimage\"},\"thumbnailUrl\":\"https:\\\/\\\/nathaliecavagnapsyconseil.files.wordpress.com\\\/2022\\\/04\\\/pexels-photo-927451.jpeg\",\"datePublished\":\"2022-04-12T08:27:22+00:00\",\"dateModified\":\"2024-03-19T21:23:12+00:00\",\"breadcrumb\":{\"@id\":\"https:\\\/\\\/ncavagna-psyconseil.com\\\/index.php\\\/accueil\\\/coaching\\\/#breadcrumb\"},\"inLanguage\":\"en-US\",\"potentialAction\":[{\"@type\":\"ReadAction\",\"target\":[\"https:\\\/\\\/ncavagna-psyconseil.com\\\/index.php\\\/accueil\\\/coaching\\\/\"]}]},{\"@type\":\"ImageObject\",\"inLanguage\":\"en-US\",\"@id\":\"https:\\\/\\\/ncavagna-psyconseil.com\\\/index.php\\\/accueil\\\/coaching\\\/#primaryimage\",\"url\":\"https:\\\/\\\/nathaliecavagnapsyconseil.files.wordpress.com\\\/2022\\\/04\\\/pexels-photo-927451.jpeg\",\"contentUrl\":\"https:\\\/\\\/nathaliecavagnapsyconseil.files.wordpress.com\\\/2022\\\/04\\\/pexels-photo-927451.jpeg\"},{\"@type\":\"BreadcrumbList\",\"@id\":\"https:\\\/\\\/ncavagna-psyconseil.com\\\/index.php\\\/accueil\\\/coaching\\\/#breadcrumb\",\"itemListElement\":[{\"@type\":\"ListItem\",\"position\":1,\"name\":\"Accueil\",\"item\":\"https:\\\/\\\/ncavagna-psyconseil.com\\\/\"},{\"@type\":\"ListItem\",\"position\":2,\"name\":\"Accueil\",\"item\":\"https:\\\/\\\/ncavagna-psyconseil.com\\\/\"},{\"@type\":\"ListItem\",\"position\":3,\"name\":\"ENTREPRISES : PRISE EN CHARGE INDIVIDUELLE \\\/ COACHING\"}]},{\"@type\":\"WebSite\",\"@id\":\"https:\\\/\\\/ncavagna-psyconseil.com\\\/#website\",\"url\":\"https:\\\/\\\/ncavagna-psyconseil.com\\\/\",\"name\":\"Nathalie Cavagna\",\"description\":\"Psychologue\",\"publisher\":{\"@id\":\"https:\\\/\\\/ncavagna-psyconseil.com\\\/#\\\/schema\\\/person\\\/e0484e827b9121d615f9e0eb7ee5529d\"},\"potentialAction\":[{\"@type\":\"SearchAction\",\"target\":{\"@type\":\"EntryPoint\",\"urlTemplate\":\"https:\\\/\\\/ncavagna-psyconseil.com\\\/?s={search_term_string}\"},\"query-input\":{\"@type\":\"PropertyValueSpecification\",\"valueRequired\":true,\"valueName\":\"search_term_string\"}}],\"inLanguage\":\"en-US\"},{\"@type\":[\"Person\",\"Organization\"],\"@id\":\"https:\\\/\\\/ncavagna-psyconseil.com\\\/#\\\/schema\\\/person\\\/e0484e827b9121d615f9e0eb7ee5529d\",\"name\":\"Nathalie Cavagna\",\"image\":{\"@type\":\"ImageObject\",\"inLanguage\":\"en-US\",\"@id\":\"https:\\\/\\\/ncavagna-psyconseil.com\\\/wp-content\\\/uploads\\\/2022\\\/04\\\/img-20200124-wa0005.jpg\",\"url\":\"https:\\\/\\\/ncavagna-psyconseil.com\\\/wp-content\\\/uploads\\\/2022\\\/04\\\/img-20200124-wa0005.jpg\",\"contentUrl\":\"https:\\\/\\\/ncavagna-psyconseil.com\\\/wp-content\\\/uploads\\\/2022\\\/04\\\/img-20200124-wa0005.jpg\",\"width\":1200,\"height\":1600,\"caption\":\"Nathalie Cavagna\"},\"logo\":{\"@id\":\"https:\\\/\\\/ncavagna-psyconseil.com\\\/wp-content\\\/uploads\\\/2022\\\/04\\\/img-20200124-wa0005.jpg\"},\"sameAs\":[\"http:\\\/\\\/ncavagna-psyconseil.com\",\"https:\\\/\\\/www.linkedin.com\\\/in\\\/nathalie-cavagna\\\/\"]}]}<\/script>\n<!-- \/ Yoast SEO plugin. -->","yoast_head_json":{"title":"ENTREPRISES : PRISE EN CHARGE INDIVIDUELLE \/ COACHING - Nathalie Cavagna","robots":{"index":"index","follow":"follow","max-snippet":"max-snippet:-1","max-image-preview":"max-image-preview:large","max-video-preview":"max-video-preview:-1"},"canonical":"https:\/\/ncavagna-psyconseil.com\/index.php\/accueil\/coaching\/","og_locale":"en_US","og_type":"article","og_title":"ENTREPRISES : PRISE EN CHARGE INDIVIDUELLE \/ COACHING - Nathalie Cavagna","og_description":"\u00ab&nbsp;Si vous deviez un jour vous transformer vous-m\u00eame, faites-le un peu chaque jour&nbsp;\u00bb. Confucius \ua565 Ce qu\u2019est la prise en charge individuelle Je prends en charge de mani\u00e8re individuelle les personnes de vos \u00e9quipes ayant besoin d\u2019une \u00e9coute psychologique et d\u2019un soutien d\u00e9di\u00e9. \ua565 PRISE EN CHARGE INDIVIDUELLE Ce qu\u2019est le coaching Le coaching consiste \u00e0 accompagner des personnes ou des groupes dans la d\u00e9finition et l\u2019atteinte de leurs objectifs, au b\u00e9n\u00e9fice de la r\u00e9ussite de leur \u00e9volution personnelle et professionnelle. \ua565 LES PHASES D&#8217;UN ACCOMPAGNEMENT DE COACHING INDIVIDUEL DANS LE CADRE D&#8217;UNE PRISE EN CHARGE PAR L&#8217;ENTREPRISE","og_url":"https:\/\/ncavagna-psyconseil.com\/index.php\/accueil\/coaching\/","og_site_name":"Nathalie Cavagna","article_modified_time":"2024-03-19T21:23:12+00:00","og_image":[{"url":"https:\/\/nathaliecavagnapsyconseil.files.wordpress.com\/2022\/04\/pexels-photo-927451.jpeg","type":"","width":"","height":""}],"twitter_card":"summary_large_image","twitter_misc":{"Est. reading time":"2 minutes"},"schema":{"@context":"https:\/\/schema.org","@graph":[{"@type":"WebPage","@id":"https:\/\/ncavagna-psyconseil.com\/index.php\/accueil\/coaching\/","url":"https:\/\/ncavagna-psyconseil.com\/index.php\/accueil\/coaching\/","name":"ENTREPRISES : PRISE EN CHARGE INDIVIDUELLE \/ COACHING - Nathalie Cavagna","isPartOf":{"@id":"https:\/\/ncavagna-psyconseil.com\/#website"},"primaryImageOfPage":{"@id":"https:\/\/ncavagna-psyconseil.com\/index.php\/accueil\/coaching\/#primaryimage"},"image":{"@id":"https:\/\/ncavagna-psyconseil.com\/index.php\/accueil\/coaching\/#primaryimage"},"thumbnailUrl":"https:\/\/nathaliecavagnapsyconseil.files.wordpress.com\/2022\/04\/pexels-photo-927451.jpeg","datePublished":"2022-04-12T08:27:22+00:00","dateModified":"2024-03-19T21:23:12+00:00","breadcrumb":{"@id":"https:\/\/ncavagna-psyconseil.com\/index.php\/accueil\/coaching\/#breadcrumb"},"inLanguage":"en-US","potentialAction":[{"@type":"ReadAction","target":["https:\/\/ncavagna-psyconseil.com\/index.php\/accueil\/coaching\/"]}]},{"@type":"ImageObject","inLanguage":"en-US","@id":"https:\/\/ncavagna-psyconseil.com\/index.php\/accueil\/coaching\/#primaryimage","url":"https:\/\/nathaliecavagnapsyconseil.files.wordpress.com\/2022\/04\/pexels-photo-927451.jpeg","contentUrl":"https:\/\/nathaliecavagnapsyconseil.files.wordpress.com\/2022\/04\/pexels-photo-927451.jpeg"},{"@type":"BreadcrumbList","@id":"https:\/\/ncavagna-psyconseil.com\/index.php\/accueil\/coaching\/#breadcrumb","itemListElement":[{"@type":"ListItem","position":1,"name":"Accueil","item":"https:\/\/ncavagna-psyconseil.com\/"},{"@type":"ListItem","position":2,"name":"Accueil","item":"https:\/\/ncavagna-psyconseil.com\/"},{"@type":"ListItem","position":3,"name":"ENTREPRISES : PRISE EN CHARGE INDIVIDUELLE \/ COACHING"}]},{"@type":"WebSite","@id":"https:\/\/ncavagna-psyconseil.com\/#website","url":"https:\/\/ncavagna-psyconseil.com\/","name":"Nathalie Cavagna","description":"Psychologue","publisher":{"@id":"https:\/\/ncavagna-psyconseil.com\/#\/schema\/person\/e0484e827b9121d615f9e0eb7ee5529d"},"potentialAction":[{"@type":"SearchAction","target":{"@type":"EntryPoint","urlTemplate":"https:\/\/ncavagna-psyconseil.com\/?s={search_term_string}"},"query-input":{"@type":"PropertyValueSpecification","valueRequired":true,"valueName":"search_term_string"}}],"inLanguage":"en-US"},{"@type":["Person","Organization"],"@id":"https:\/\/ncavagna-psyconseil.com\/#\/schema\/person\/e0484e827b9121d615f9e0eb7ee5529d","name":"Nathalie Cavagna","image":{"@type":"ImageObject","inLanguage":"en-US","@id":"https:\/\/ncavagna-psyconseil.com\/wp-content\/uploads\/2022\/04\/img-20200124-wa0005.jpg","url":"https:\/\/ncavagna-psyconseil.com\/wp-content\/uploads\/2022\/04\/img-20200124-wa0005.jpg","contentUrl":"https:\/\/ncavagna-psyconseil.com\/wp-content\/uploads\/2022\/04\/img-20200124-wa0005.jpg","width":1200,"height":1600,"caption":"Nathalie Cavagna"},"logo":{"@id":"https:\/\/ncavagna-psyconseil.com\/wp-content\/uploads\/2022\/04\/img-20200124-wa0005.jpg"},"sameAs":["http:\/\/ncavagna-psyconseil.com","https:\/\/www.linkedin.com\/in\/nathalie-cavagna\/"]}]}},"_links":{"self":[{"href":"https:\/\/ncavagna-psyconseil.com\/index.php\/wp-json\/wp\/v2\/pages\/274","targetHints":{"allow":["GET"]}}],"collection":[{"href":"https:\/\/ncavagna-psyconseil.com\/index.php\/wp-json\/wp\/v2\/pages"}],"about":[{"href":"https:\/\/ncavagna-psyconseil.com\/index.php\/wp-json\/wp\/v2\/types\/page"}],"author":[{"embeddable":true,"href":"https:\/\/ncavagna-psyconseil.com\/index.php\/wp-json\/wp\/v2\/users\/2"}],"replies":[{"embeddable":true,"href":"https:\/\/ncavagna-psyconseil.com\/index.php\/wp-json\/wp\/v2\/comments?post=274"}],"version-history":[{"count":13,"href":"https:\/\/ncavagna-psyconseil.com\/index.php\/wp-json\/wp\/v2\/pages\/274\/revisions"}],"predecessor-version":[{"id":935,"href":"https:\/\/ncavagna-psyconseil.com\/index.php\/wp-json\/wp\/v2\/pages\/274\/revisions\/935"}],"up":[{"embeddable":true,"href":"https:\/\/ncavagna-psyconseil.com\/index.php\/wp-json\/wp\/v2\/pages\/15"}],"wp:attachment":[{"href":"https:\/\/ncavagna-psyconseil.com\/index.php\/wp-json\/wp\/v2\/media?parent=274"}],"curies":[{"name":"wp","href":"https:\/\/api.w.org\/{rel}","templated":true}]}}