{"id":285,"date":"2022-04-12T10:54:36","date_gmt":"2022-04-12T08:54:36","guid":{"rendered":"http:\/\/ncavagna-psyconseil.com\/index.php\/accueil-2\/formation\/"},"modified":"2024-06-20T21:50:38","modified_gmt":"2024-06-20T19:50:38","slug":"formation","status":"publish","type":"page","link":"https:\/\/ncavagna-psyconseil.com\/index.php\/accueil\/formation\/","title":{"rendered":"ENTREPRISES : FORMATION \/ ANALYSE DE PRATIQUE"},"content":{"rendered":"\n<div style=\"height:100px\" aria-hidden=\"true\" class=\"wp-block-spacer\"><\/div>\n\n\n\n<div class=\"wp-block-media-text alignwide is-stacked-on-mobile is-image-fill is-style-rounded has-background\" style=\"background-color:#d1baab\"><figure class=\"wp-block-media-text__media\" style=\"background-image:url(https:\/\/nathaliecavagnapsyconseil.files.wordpress.com\/2022\/04\/pexels-photo-1181403.jpeg);background-position:50% 50%\"><img loading=\"lazy\" decoding=\"async\" width=\"1880\" height=\"1255\" src=\"https:\/\/nathaliecavagnapsyconseil.files.wordpress.com\/2022\/04\/pexels-photo-1181403.jpeg\" alt=\"\" class=\"wp-image-287 size-full\" srcset=\"https:\/\/ncavagna-psyconseil.com\/wp-content\/uploads\/2022\/04\/pexels-photo-1181403.jpeg 1880w, https:\/\/ncavagna-psyconseil.com\/wp-content\/uploads\/2022\/04\/pexels-photo-1181403-300x200.jpeg 300w, https:\/\/ncavagna-psyconseil.com\/wp-content\/uploads\/2022\/04\/pexels-photo-1181403-1024x684.jpeg 1024w, https:\/\/ncavagna-psyconseil.com\/wp-content\/uploads\/2022\/04\/pexels-photo-1181403-768x513.jpeg 768w, https:\/\/ncavagna-psyconseil.com\/wp-content\/uploads\/2022\/04\/pexels-photo-1181403-1536x1025.jpeg 1536w, https:\/\/ncavagna-psyconseil.com\/wp-content\/uploads\/2022\/04\/pexels-photo-1181403-1200x800.jpeg 1200w, https:\/\/ncavagna-psyconseil.com\/wp-content\/uploads\/2022\/04\/pexels-photo-1181403-600x400.jpeg 600w, https:\/\/ncavagna-psyconseil.com\/wp-content\/uploads\/2022\/04\/pexels-photo-1181403-1140x761.jpeg 1140w\" sizes=\"auto, (max-width: 1880px) 100vw, 1880px\" \/><\/figure><div class=\"wp-block-media-text__content\">\n<p style=\"font-size:24px\">\u27a4   Ing\u00e9nierie p\u00e9dagogique<\/p>\n\n\n\n<div style=\"height:15px\" aria-hidden=\"true\" class=\"wp-block-spacer\"><\/div>\n\n\n\n<p style=\"font-size:24px\">\u27a4   Transmission des connaissances<\/p>\n\n\n\n<div style=\"height:15px\" aria-hidden=\"true\" class=\"wp-block-spacer\"><\/div>\n\n\n\n<p style=\"font-size:24px\">\u27a4   Accompagnement<\/p>\n\n\n\n<div style=\"height:15px\" aria-hidden=\"true\" class=\"wp-block-spacer\"><\/div>\n\n\n\n<p style=\"font-size:24px\">\u27a4   Conseil<\/p>\n<\/div><\/div>\n\n\n\n<div style=\"height:100px\" aria-hidden=\"true\" class=\"wp-block-spacer\"><\/div>\n\n\n\n<p class=\"has-text-align-center\">\ua565<\/p>\n\n\n\n<h2 class=\"wp-block-heading has-text-align-left\">\u27a4   CONCEPTION ET ANIMATION DE FORMATION <\/h2>\n\n\n\n<ul class=\"wp-block-list\">\n<li>Exemples :\n<ul class=\"wp-block-list\">\n<li>Pr\u00e9vention des risques psycho-sociaux RPS<\/li>\n\n\n\n<li>Qualit\u00e9 de vie et condition de travail (QVCT)<\/li>\n\n\n\n<li>Mise en place de l&#8217;entretien annuel \/ de l&#8217;entretien professionnel<\/li>\n\n\n\n<li>Rep\u00e9rer et int\u00e9grer les personnalit\u00e9s atypiques (HPI\/TDAH&#8230;)<\/li>\n\n\n\n<li>Accompagnement au re-onboarding<\/li>\n\n\n\n<li>Management \u00e9thique et responsable<\/li>\n\n\n\n<li>Sensibilisation au harc\u00e8lement<\/li>\n\n\n\n<li>Gestion du stress<\/li>\n\n\n\n<li>Prise de poste<\/li>\n<\/ul>\n<\/li>\n<\/ul>\n\n\n\n<div style=\"height:60px\" aria-hidden=\"true\" class=\"wp-block-spacer\"><\/div>\n\n\n\n<p class=\"has-text-align-center\">\ua565<\/p>\n\n\n\n<h2 class=\"wp-block-heading has-text-align-left\">\u27a4   ANIMATION DE GROUPES <\/h2>\n\n\n\n<ul class=\"wp-block-list\">\n<li>Co-d\u00e9veloppement<\/li>\n\n\n\n<li>Photolangage<\/li>\n\n\n\n<li>Mise en situation<\/li>\n\n\n\n<li>Brainstorming<\/li>\n\n\n\n<li>World caf\u00e9&#8230;<\/li>\n<\/ul>\n\n\n\n<div style=\"height:59px\" aria-hidden=\"true\" class=\"wp-block-spacer\"><\/div>\n\n\n\n<h2 class=\"wp-block-heading\">\u27a4   ANALYSE DE PRATIQUE PROFESSIONNELLE<\/h2>\n\n\n\n<ul class=\"wp-block-list\">\n<li>Exposition d&#8217;une&nbsp;situation-probl\u00e8me<\/li>\n\n\n\n<li>Analyse des&nbsp;faits et&nbsp;des&nbsp;\u00e9motions<\/li>\n\n\n\n<li>Apports th\u00e9oriques en&nbsp;lien avec la&nbsp;situation<\/li>\n\n\n\n<li>Proposition de&nbsp;pistes de&nbsp;solution&nbsp;\/&nbsp;modification<\/li>\n\n\n\n<li>Synth\u00e8se et&nbsp;conclusion pour chaque situation<\/li>\n<\/ul>\n\n\n\n<p class=\"has-text-align-center\">\ua565<\/p>\n\n\n\n<h2 class=\"wp-block-heading\">\u27a4   CONCEPTION ET D\u00c9PLOIEMENT D&#8217;OUTILS<\/h2>\n\n\n\n<ul class=\"wp-block-list\">\n<li>Process de bilan de comp\u00e9tences<\/li>\n\n\n\n<li>Outils d&#8217;\u00e9valuation<\/li>\n\n\n\n<li>Entretien annuel<\/li>\n\n\n\n<li>Process &#8220;Prise de poste&#8221;&#8230;<\/li>\n<\/ul>\n\n\n\n<div style=\"height:100px\" aria-hidden=\"true\" class=\"wp-block-spacer\"><\/div>\n\n\n\n<p class=\"has-text-align-right has-medium-font-size\"><strong>DEVIS SUR DEMANDE<\/strong><\/p>\n","protected":false},"excerpt":{"rendered":"<p>\ua565 \u27a4 CONCEPTION ET ANIMATION DE FORMATION \ua565 \u27a4 ANIMATION DE GROUPES \u27a4 ANALYSE DE PRATIQUE PROFESSIONNELLE \ua565 \u27a4 CONCEPTION ET D\u00c9PLOIEMENT D&#8217;OUTILS DEVIS SUR DEMANDE<\/p>\n","protected":false},"author":2,"featured_media":0,"parent":15,"menu_order":1,"comment_status":"closed","ping_status":"closed","template":"","meta":{"_regular_price":[],"currency_symbol":[],"footnotes":""},"class_list":["post-285","page","type-page","status-publish","hentry"],"post_slider_layout_featured_media_urls":{"thumbnail":"","post_slider_layout_landscape_large":"","post_slider_layout_portrait_large":"","post_slider_layout_square_large":"","post_slider_layout_landscape":"","post_slider_layout_portrait":"","post_slider_layout_square":"","full":""},"yoast_head":"<!-- This site is optimized with the Yoast SEO plugin v27.4 - https:\/\/yoast.com\/product\/yoast-seo-wordpress\/ -->\n<title>ENTREPRISES : FORMATION \/ ANALYSE DE PRATIQUE - Nathalie Cavagna<\/title>\n<meta name=\"robots\" content=\"index, follow, max-snippet:-1, max-image-preview:large, max-video-preview:-1\" \/>\n<link rel=\"canonical\" href=\"https:\/\/ncavagna-psyconseil.com\/index.php\/accueil\/formation\/\" \/>\n<meta property=\"og:locale\" content=\"en_US\" \/>\n<meta property=\"og:type\" content=\"article\" \/>\n<meta property=\"og:title\" content=\"ENTREPRISES : FORMATION \/ ANALYSE DE PRATIQUE - Nathalie Cavagna\" \/>\n<meta property=\"og:description\" content=\"\ua565 \u27a4 CONCEPTION ET ANIMATION DE FORMATION \ua565 \u27a4 ANIMATION DE GROUPES \u27a4 ANALYSE DE PRATIQUE PROFESSIONNELLE \ua565 \u27a4 CONCEPTION ET D\u00c9PLOIEMENT D&#8217;OUTILS DEVIS SUR DEMANDE\" \/>\n<meta property=\"og:url\" content=\"https:\/\/ncavagna-psyconseil.com\/index.php\/accueil\/formation\/\" \/>\n<meta property=\"og:site_name\" content=\"Nathalie Cavagna\" \/>\n<meta property=\"article:modified_time\" content=\"2024-06-20T19:50:38+00:00\" \/>\n<meta property=\"og:image\" content=\"https:\/\/nathaliecavagnapsyconseil.files.wordpress.com\/2022\/04\/pexels-photo-1181403.jpeg\" \/>\n<meta name=\"twitter:card\" content=\"summary_large_image\" \/>\n<meta name=\"twitter:label1\" content=\"Est. reading time\" \/>\n\t<meta name=\"twitter:data1\" content=\"1 minute\" \/>\n<script type=\"application\/ld+json\" class=\"yoast-schema-graph\">{\"@context\":\"https:\\\/\\\/schema.org\",\"@graph\":[{\"@type\":\"WebPage\",\"@id\":\"https:\\\/\\\/ncavagna-psyconseil.com\\\/index.php\\\/accueil\\\/formation\\\/\",\"url\":\"https:\\\/\\\/ncavagna-psyconseil.com\\\/index.php\\\/accueil\\\/formation\\\/\",\"name\":\"ENTREPRISES : FORMATION \\\/ ANALYSE DE PRATIQUE - Nathalie Cavagna\",\"isPartOf\":{\"@id\":\"https:\\\/\\\/ncavagna-psyconseil.com\\\/#website\"},\"primaryImageOfPage\":{\"@id\":\"https:\\\/\\\/ncavagna-psyconseil.com\\\/index.php\\\/accueil\\\/formation\\\/#primaryimage\"},\"image\":{\"@id\":\"https:\\\/\\\/ncavagna-psyconseil.com\\\/index.php\\\/accueil\\\/formation\\\/#primaryimage\"},\"thumbnailUrl\":\"https:\\\/\\\/nathaliecavagnapsyconseil.files.wordpress.com\\\/2022\\\/04\\\/pexels-photo-1181403.jpeg\",\"datePublished\":\"2022-04-12T08:54:36+00:00\",\"dateModified\":\"2024-06-20T19:50:38+00:00\",\"breadcrumb\":{\"@id\":\"https:\\\/\\\/ncavagna-psyconseil.com\\\/index.php\\\/accueil\\\/formation\\\/#breadcrumb\"},\"inLanguage\":\"en-US\",\"potentialAction\":[{\"@type\":\"ReadAction\",\"target\":[\"https:\\\/\\\/ncavagna-psyconseil.com\\\/index.php\\\/accueil\\\/formation\\\/\"]}]},{\"@type\":\"ImageObject\",\"inLanguage\":\"en-US\",\"@id\":\"https:\\\/\\\/ncavagna-psyconseil.com\\\/index.php\\\/accueil\\\/formation\\\/#primaryimage\",\"url\":\"https:\\\/\\\/nathaliecavagnapsyconseil.files.wordpress.com\\\/2022\\\/04\\\/pexels-photo-1181403.jpeg\",\"contentUrl\":\"https:\\\/\\\/nathaliecavagnapsyconseil.files.wordpress.com\\\/2022\\\/04\\\/pexels-photo-1181403.jpeg\"},{\"@type\":\"BreadcrumbList\",\"@id\":\"https:\\\/\\\/ncavagna-psyconseil.com\\\/index.php\\\/accueil\\\/formation\\\/#breadcrumb\",\"itemListElement\":[{\"@type\":\"ListItem\",\"position\":1,\"name\":\"Accueil\",\"item\":\"https:\\\/\\\/ncavagna-psyconseil.com\\\/\"},{\"@type\":\"ListItem\",\"position\":2,\"name\":\"Accueil\",\"item\":\"https:\\\/\\\/ncavagna-psyconseil.com\\\/\"},{\"@type\":\"ListItem\",\"position\":3,\"name\":\"ENTREPRISES : FORMATION \\\/ ANALYSE DE PRATIQUE\"}]},{\"@type\":\"WebSite\",\"@id\":\"https:\\\/\\\/ncavagna-psyconseil.com\\\/#website\",\"url\":\"https:\\\/\\\/ncavagna-psyconseil.com\\\/\",\"name\":\"Nathalie Cavagna\",\"description\":\"Psychologue\",\"publisher\":{\"@id\":\"https:\\\/\\\/ncavagna-psyconseil.com\\\/#\\\/schema\\\/person\\\/e0484e827b9121d615f9e0eb7ee5529d\"},\"potentialAction\":[{\"@type\":\"SearchAction\",\"target\":{\"@type\":\"EntryPoint\",\"urlTemplate\":\"https:\\\/\\\/ncavagna-psyconseil.com\\\/?s={search_term_string}\"},\"query-input\":{\"@type\":\"PropertyValueSpecification\",\"valueRequired\":true,\"valueName\":\"search_term_string\"}}],\"inLanguage\":\"en-US\"},{\"@type\":[\"Person\",\"Organization\"],\"@id\":\"https:\\\/\\\/ncavagna-psyconseil.com\\\/#\\\/schema\\\/person\\\/e0484e827b9121d615f9e0eb7ee5529d\",\"name\":\"Nathalie Cavagna\",\"image\":{\"@type\":\"ImageObject\",\"inLanguage\":\"en-US\",\"@id\":\"https:\\\/\\\/ncavagna-psyconseil.com\\\/wp-content\\\/uploads\\\/2022\\\/04\\\/img-20200124-wa0005.jpg\",\"url\":\"https:\\\/\\\/ncavagna-psyconseil.com\\\/wp-content\\\/uploads\\\/2022\\\/04\\\/img-20200124-wa0005.jpg\",\"contentUrl\":\"https:\\\/\\\/ncavagna-psyconseil.com\\\/wp-content\\\/uploads\\\/2022\\\/04\\\/img-20200124-wa0005.jpg\",\"width\":1200,\"height\":1600,\"caption\":\"Nathalie Cavagna\"},\"logo\":{\"@id\":\"https:\\\/\\\/ncavagna-psyconseil.com\\\/wp-content\\\/uploads\\\/2022\\\/04\\\/img-20200124-wa0005.jpg\"},\"sameAs\":[\"http:\\\/\\\/ncavagna-psyconseil.com\",\"https:\\\/\\\/www.linkedin.com\\\/in\\\/nathalie-cavagna\\\/\"]}]}<\/script>\n<!-- \/ Yoast SEO plugin. -->","yoast_head_json":{"title":"ENTREPRISES : FORMATION \/ ANALYSE DE PRATIQUE - Nathalie Cavagna","robots":{"index":"index","follow":"follow","max-snippet":"max-snippet:-1","max-image-preview":"max-image-preview:large","max-video-preview":"max-video-preview:-1"},"canonical":"https:\/\/ncavagna-psyconseil.com\/index.php\/accueil\/formation\/","og_locale":"en_US","og_type":"article","og_title":"ENTREPRISES : FORMATION \/ ANALYSE DE PRATIQUE - Nathalie Cavagna","og_description":"\ua565 \u27a4 CONCEPTION ET ANIMATION DE FORMATION \ua565 \u27a4 ANIMATION DE GROUPES \u27a4 ANALYSE DE PRATIQUE PROFESSIONNELLE \ua565 \u27a4 CONCEPTION ET D\u00c9PLOIEMENT D&#8217;OUTILS DEVIS SUR DEMANDE","og_url":"https:\/\/ncavagna-psyconseil.com\/index.php\/accueil\/formation\/","og_site_name":"Nathalie Cavagna","article_modified_time":"2024-06-20T19:50:38+00:00","og_image":[{"url":"https:\/\/nathaliecavagnapsyconseil.files.wordpress.com\/2022\/04\/pexels-photo-1181403.jpeg","type":"","width":"","height":""}],"twitter_card":"summary_large_image","twitter_misc":{"Est. reading time":"1 minute"},"schema":{"@context":"https:\/\/schema.org","@graph":[{"@type":"WebPage","@id":"https:\/\/ncavagna-psyconseil.com\/index.php\/accueil\/formation\/","url":"https:\/\/ncavagna-psyconseil.com\/index.php\/accueil\/formation\/","name":"ENTREPRISES : FORMATION \/ ANALYSE DE PRATIQUE - Nathalie Cavagna","isPartOf":{"@id":"https:\/\/ncavagna-psyconseil.com\/#website"},"primaryImageOfPage":{"@id":"https:\/\/ncavagna-psyconseil.com\/index.php\/accueil\/formation\/#primaryimage"},"image":{"@id":"https:\/\/ncavagna-psyconseil.com\/index.php\/accueil\/formation\/#primaryimage"},"thumbnailUrl":"https:\/\/nathaliecavagnapsyconseil.files.wordpress.com\/2022\/04\/pexels-photo-1181403.jpeg","datePublished":"2022-04-12T08:54:36+00:00","dateModified":"2024-06-20T19:50:38+00:00","breadcrumb":{"@id":"https:\/\/ncavagna-psyconseil.com\/index.php\/accueil\/formation\/#breadcrumb"},"inLanguage":"en-US","potentialAction":[{"@type":"ReadAction","target":["https:\/\/ncavagna-psyconseil.com\/index.php\/accueil\/formation\/"]}]},{"@type":"ImageObject","inLanguage":"en-US","@id":"https:\/\/ncavagna-psyconseil.com\/index.php\/accueil\/formation\/#primaryimage","url":"https:\/\/nathaliecavagnapsyconseil.files.wordpress.com\/2022\/04\/pexels-photo-1181403.jpeg","contentUrl":"https:\/\/nathaliecavagnapsyconseil.files.wordpress.com\/2022\/04\/pexels-photo-1181403.jpeg"},{"@type":"BreadcrumbList","@id":"https:\/\/ncavagna-psyconseil.com\/index.php\/accueil\/formation\/#breadcrumb","itemListElement":[{"@type":"ListItem","position":1,"name":"Accueil","item":"https:\/\/ncavagna-psyconseil.com\/"},{"@type":"ListItem","position":2,"name":"Accueil","item":"https:\/\/ncavagna-psyconseil.com\/"},{"@type":"ListItem","position":3,"name":"ENTREPRISES : FORMATION \/ ANALYSE DE PRATIQUE"}]},{"@type":"WebSite","@id":"https:\/\/ncavagna-psyconseil.com\/#website","url":"https:\/\/ncavagna-psyconseil.com\/","name":"Nathalie Cavagna","description":"Psychologue","publisher":{"@id":"https:\/\/ncavagna-psyconseil.com\/#\/schema\/person\/e0484e827b9121d615f9e0eb7ee5529d"},"potentialAction":[{"@type":"SearchAction","target":{"@type":"EntryPoint","urlTemplate":"https:\/\/ncavagna-psyconseil.com\/?s={search_term_string}"},"query-input":{"@type":"PropertyValueSpecification","valueRequired":true,"valueName":"search_term_string"}}],"inLanguage":"en-US"},{"@type":["Person","Organization"],"@id":"https:\/\/ncavagna-psyconseil.com\/#\/schema\/person\/e0484e827b9121d615f9e0eb7ee5529d","name":"Nathalie Cavagna","image":{"@type":"ImageObject","inLanguage":"en-US","@id":"https:\/\/ncavagna-psyconseil.com\/wp-content\/uploads\/2022\/04\/img-20200124-wa0005.jpg","url":"https:\/\/ncavagna-psyconseil.com\/wp-content\/uploads\/2022\/04\/img-20200124-wa0005.jpg","contentUrl":"https:\/\/ncavagna-psyconseil.com\/wp-content\/uploads\/2022\/04\/img-20200124-wa0005.jpg","width":1200,"height":1600,"caption":"Nathalie Cavagna"},"logo":{"@id":"https:\/\/ncavagna-psyconseil.com\/wp-content\/uploads\/2022\/04\/img-20200124-wa0005.jpg"},"sameAs":["http:\/\/ncavagna-psyconseil.com","https:\/\/www.linkedin.com\/in\/nathalie-cavagna\/"]}]}},"_links":{"self":[{"href":"https:\/\/ncavagna-psyconseil.com\/index.php\/wp-json\/wp\/v2\/pages\/285","targetHints":{"allow":["GET"]}}],"collection":[{"href":"https:\/\/ncavagna-psyconseil.com\/index.php\/wp-json\/wp\/v2\/pages"}],"about":[{"href":"https:\/\/ncavagna-psyconseil.com\/index.php\/wp-json\/wp\/v2\/types\/page"}],"author":[{"embeddable":true,"href":"https:\/\/ncavagna-psyconseil.com\/index.php\/wp-json\/wp\/v2\/users\/2"}],"replies":[{"embeddable":true,"href":"https:\/\/ncavagna-psyconseil.com\/index.php\/wp-json\/wp\/v2\/comments?post=285"}],"version-history":[{"count":17,"href":"https:\/\/ncavagna-psyconseil.com\/index.php\/wp-json\/wp\/v2\/pages\/285\/revisions"}],"predecessor-version":[{"id":934,"href":"https:\/\/ncavagna-psyconseil.com\/index.php\/wp-json\/wp\/v2\/pages\/285\/revisions\/934"}],"up":[{"embeddable":true,"href":"https:\/\/ncavagna-psyconseil.com\/index.php\/wp-json\/wp\/v2\/pages\/15"}],"wp:attachment":[{"href":"https:\/\/ncavagna-psyconseil.com\/index.php\/wp-json\/wp\/v2\/media?parent=285"}],"curies":[{"name":"wp","href":"https:\/\/api.w.org\/{rel}","templated":true}]}}